{"id":1861,"date":"2016-01-02T15:56:47","date_gmt":"2016-01-02T15:56:47","guid":{"rendered":"http:\/\/barincilt.com.tr\/barin-bindings\/?lang=en"},"modified":"2026-01-19T19:10:24","modified_gmt":"2026-01-19T19:10:24","slug":"barin-bindings","status":"publish","type":"page","link":"https:\/\/barincilt.com.tr\/en\/","title":{"rendered":"Barin Cilt At\u00f6lyesi"},"content":{"rendered":"<p><div class=\"fusion-fullwidth fullwidth-box fusion-builder-row-1 fusion-flex-container has-pattern-background has-mask-background hundred-percent-fullwidth non-hundred-percent-height-scrolling\" style=\"--awb-background-position:left top;--awb-border-sizes-top:0px;--awb-border-sizes-bottom:0px;--awb-border-sizes-left:0px;--awb-border-sizes-right:0px;--awb-border-radius-top-left:0px;--awb-border-radius-top-right:0px;--awb-border-radius-bottom-right:0px;--awb-border-radius-bottom-left:0px;--awb-padding-top:0px;--awb-padding-right:0px;--awb-padding-bottom:0px;--awb-padding-left:0px;--awb-margin-top:0px;--awb-margin-bottom:80px;--awb-flex-wrap:wrap;\" ><div class=\"fusion-builder-row fusion-row fusion-flex-align-items-flex-start fusion-flex-content-wrap\" style=\"width:calc( 100% + 0px ) !important;max-width:calc( 100% + 0px ) !important;margin-left: calc(-0px \/ 2 );margin-right: calc(-0px \/ 2 );\"><div class=\"fusion-layout-column fusion_builder_column fusion-builder-column-0 fusion_builder_column_1_2 1_2 fusion-flex-column fusion-animated\" style=\"--awb-padding-top:00px;--awb-bg-position:left bottom;--awb-bg-size:cover;--awb-width-large:50%;--awb-margin-top-large:0px;--awb-spacing-right-large:0px;--awb-margin-bottom-large:0px;--awb-spacing-left-large:0px;--awb-width-medium:100%;--awb-spacing-right-medium:0px;--awb-spacing-left-medium:0px;--awb-width-small:100%;--awb-spacing-right-small:0px;--awb-spacing-left-small:0px;\" data-animationType=\"fadeInDown\" data-animationDuration=\"0.1\" data-animationOffset=\"top-into-view\"><div class=\"fusion-column-wrapper lazyload fusion-flex-justify-content-flex-start fusion-content-layout-column fusion-column-has-bg-image\" data-bg-url=\"https:\/\/barincilt.com.tr\/wp-content\/uploads\/2016\/01\/68b1.jpg\" data-bg=\"https:\/\/barincilt.com.tr\/wp-content\/uploads\/2016\/01\/68b1.jpg\"><div class=\"fusion-image-element \" style=\"--awb-caption-title-font-family:var(--h2_typography-font-family);--awb-caption-title-font-weight:var(--h2_typography-font-weight);--awb-caption-title-font-style:var(--h2_typography-font-style);--awb-caption-title-size:var(--h2_typography-font-size);--awb-caption-title-transform:var(--h2_typography-text-transform);--awb-caption-title-line-height:var(--h2_typography-line-height);--awb-caption-title-letter-spacing:var(--h2_typography-letter-spacing);\"><span class=\" fusion-imageframe imageframe-none imageframe-1 hover-type-none imgalo\"><img decoding=\"async\" width=\"1557\" height=\"1746\" alt=\"Bar\u0131n Cilt \u00dcr\u00fcnler\" title=\"68b1\" src=\"https:\/\/barincilt.com.tr\/wp-content\/uploads\/2016\/01\/68b1.jpg\" data-orig-src=\"https:\/\/barincilt.com.tr\/wp-content\/uploads\/2016\/01\/68b1.jpg\" class=\"lazyload img-responsive wp-image-1770\" srcset=\"data:image\/svg+xml,%3Csvg%20xmlns%3D%27http%3A%2F%2Fwww.w3.org%2F2000%2Fsvg%27%20width%3D%271557%27%20height%3D%271746%27%20viewBox%3D%270%200%201557%201746%27%3E%3Crect%20width%3D%271557%27%20height%3D%271746%27%20fill-opacity%3D%220%22%2F%3E%3C%2Fsvg%3E\" data-srcset=\"https:\/\/barincilt.com.tr\/wp-content\/uploads\/2016\/01\/68b1-200x224.jpg 200w, https:\/\/barincilt.com.tr\/wp-content\/uploads\/2016\/01\/68b1-400x449.jpg 400w, https:\/\/barincilt.com.tr\/wp-content\/uploads\/2016\/01\/68b1-600x673.jpg 600w, https:\/\/barincilt.com.tr\/wp-content\/uploads\/2016\/01\/68b1-800x897.jpg 800w, https:\/\/barincilt.com.tr\/wp-content\/uploads\/2016\/01\/68b1-1200x1346.jpg 1200w, https:\/\/barincilt.com.tr\/wp-content\/uploads\/2016\/01\/68b1.jpg 1557w\" data-sizes=\"auto\" data-orig-sizes=\"(max-width: 1024px) 100vw, (max-width: 640px) 100vw, 600px\" \/><\/span><\/div><\/div><\/div><div class=\"fusion-layout-column fusion_builder_column fusion-builder-column-1 fusion_builder_column_1_2 1_2 fusion-flex-column\" style=\"--awb-padding-top:1%;--awb-padding-right:12%;--awb-padding-bottom:1%;--awb-padding-left:6%;--awb-bg-color:#ffffff;--awb-bg-color-hover:#ffffff;--awb-bg-repeat:repeat;--awb-width-large:50%;--awb-margin-top-large:60px;--awb-spacing-right-large:0px;--awb-margin-bottom-large:0px;--awb-spacing-left-large:0px;--awb-width-medium:100%;--awb-order-medium:0;--awb-spacing-right-medium:0px;--awb-spacing-left-medium:0px;--awb-width-small:100%;--awb-order-small:0;--awb-spacing-right-small:0px;--awb-spacing-left-small:0px;\" data-scroll-devices=\"small-visibility,medium-visibility,large-visibility\"><div class=\"fusion-column-wrapper fusion-column-has-shadow fusion-flex-justify-content-flex-start fusion-content-layout-column\"><div class=\"fusion-text fusion-text-1\"><p style=\"text-align: right; font-family: montserrat; font-size: 19px; margin-bottom: 8px; line-height: 28px; letter-spacing: 2px;\"><em>Emin Bar\u0131n, together with his father-in-law \u0130zzet Samurka\u015f, opened the &#8216;Bar\u0131n Bookbinding and Calligraphy Workshop&#8217; on Narl\u0131 Bah\u00e7e Street in Ca\u011falo\u011flu in 1949.<\/em><\/p>\n<p style=\"text-align: right; font-family: montserrat; font-size: 19px; margin-bottom: 8px; line-height: 28px; letter-spacing: 2px;\"><em>In this workshop, books are bound using classical Eastern and Western techniques as well as modern techniques; luxury albums, diaries, diploma bindings, and especially valuable book bindings are made by hand; beneath its modest appearance, it is an art institution unparalleled in Turkey.<\/em><\/p>\n<p style=\"text-align: right; font-family: montserrat; font-size: 19px; margin-bottom: 8px; line-height: 28px;\"><em>Re\u015fat Ekrem Ko\u00e7u*<\/em><\/p>\n<p style=\"text-align: right; margin-top: 40%;\"><span style=\"color: #999999;\">*This is an excerpt from the Emin Bar\u0131n entry in the 1957 Istanbul Encyclopedia.<\/span><\/p>\n<\/div><\/div><\/div><\/div><\/div><div class=\"fusion-fullwidth fullwidth-box fusion-builder-row-2 hundred-percent-fullwidth non-hundred-percent-height-scrolling fusion-equal-height-columns\" style=\"--awb-background-position:left top;--awb-border-sizes-top:0px;--awb-border-sizes-bottom:0px;--awb-border-sizes-left:0px;--awb-border-sizes-right:0px;--awb-border-radius-top-left:0px;--awb-border-radius-top-right:0px;--awb-border-radius-bottom-right:0px;--awb-border-radius-bottom-left:0px;--awb-padding-top:0px;--awb-padding-right:0px;--awb-padding-bottom:0px;--awb-padding-left:0px;--awb-margin-top:40px;--awb-margin-bottom:0px;--awb-flex-wrap:wrap;\" ><div class=\"fusion-builder-row fusion-row\"><div class=\"fusion-layout-column fusion_builder_column fusion-builder-column-2 fusion_builder_column_1_2 1_2 fusion-one-half fusion-column-first fusion-column-inner-bg-wrapper\" style=\"--awb-padding-top:0%;--awb-padding-right:12%;--awb-padding-bottom:0%;--awb-padding-left:12%;--awb-inner-bg-color:#ffffff;--awb-inner-bg-color-hover:#ffffff;--awb-inner-bg-size:cover;--awb-margin-bottom:0px;\"><span class=\"fusion-column-inner-bg hover-type-zoomin\"><span class=\"fusion-column-anchor\"><span class=\"fusion-column-inner-bg-image\"><\/span><\/span><\/span><div class=\"fusion-column-wrapper fusion-flex-column-wrapper-legacy\"><div class=\"fusion-text fusion-text-2\"><h3 style=\"margin-bottom: 10px; text-align: left;\">AND 60 YEARS HAVE PASSED&#8230;<\/h3>\n<\/div><div class=\"fusion-text fusion-text-3\"><p style=\"text-align: left;\">Yes, Re\u015fat Ekrem Ko\u00e7u wrote these lines for the Istanbul Encyclopedia approximately 60 years ago. Actually, nothing has changed for us; our workshop has carried the same commitment to quality to the present day and continues this mission with the same enthusiasm as the first day.<\/p>\n<p style=\"text-align: left;\">Naturally, we utilize modern technology, incorporating the necessary machinery, equipment, and materials, but without compromising our founding mission.<\/p>\n<p style=\"text-align: left;\">Our workshop has maintained the same commitment to quality since 1949. In addition to our mass production machinery, we continue to provide services with our expert staff specializing in specially designed bindings, luxury boxes, classic bookbindings, and antique restoration.<\/p>\n<p>Tevfik Bar\u0131n<br \/>\nBar\u0131n Cilt, 2016<\/p>\n<\/div><div class=\"fusion-clearfix\"><\/div><\/div><\/div><div class=\"fusion-layout-column fusion_builder_column fusion-builder-column-3 fusion_builder_column_1_2 1_2 fusion-one-half fusion-column-last\" style=\"--awb-bg-position:center top;--awb-bg-size:cover;--awb-margin-bottom:0px;\"><div class=\"fusion-column-wrapper fusion-flex-column-wrapper-legacy\"><div class=\"fusion-slider-sc fusion-flexslider-loading flexslider flexslider-hover-type-none\" data-slideshow_autoplay=\"1\" data-slideshow_smooth_height=\"0\" data-slideshow_speed=\"7000\" style=\"max-width:100%;height:100%;\"><ul class=\"slides\"><li class=\"image\"><span class=\"lazyload fusion-image-hover-element hover-type-none\"><img decoding=\"async\" src=\"data:image\/svg+xml,%3Csvg%20xmlns%3D%27http%3A%2F%2Fwww.w3.org%2F2000%2Fsvg%27%20width%3D%271920%27%20height%3D%271444%27%20viewBox%3D%270%200%201920%201444%27%3E%3Crect%20width%3D%271920%27%20height%3D%271444%27%20fill-opacity%3D%220%22%2F%3E%3C%2Fsvg%3E\" data-orig-src=\"https:\/\/barincilt.com.tr\/wp-content\/uploads\/2016\/11\/159a.jpg\" width=\"1920\" height=\"1444\" \/><\/span><\/li><li class=\"image\"><span class=\"lazyload fusion-image-hover-element hover-type-none\"><img decoding=\"async\" src=\"data:image\/svg+xml,%3Csvg%20xmlns%3D%27http%3A%2F%2Fwww.w3.org%2F2000%2Fsvg%27%20width%3D%271920%27%20height%3D%271378%27%20viewBox%3D%270%200%201920%201378%27%3E%3Crect%20width%3D%271920%27%20height%3D%271378%27%20fill-opacity%3D%220%22%2F%3E%3C%2Fsvg%3E\" data-orig-src=\"https:\/\/barincilt.com.tr\/wp-content\/uploads\/2016\/11\/A4-16.jpg\" width=\"1920\" height=\"1378\" \/><\/span><\/li><li class=\"image\"><span class=\"lazyload fusion-image-hover-element hover-type-none\"><img decoding=\"async\" src=\"data:image\/svg+xml,%3Csvg%20xmlns%3D%27http%3A%2F%2Fwww.w3.org%2F2000%2Fsvg%27%20width%3D%271920%27%20height%3D%271883%27%20viewBox%3D%270%200%201920%201883%27%3E%3Crect%20width%3D%271920%27%20height%3D%271883%27%20fill-opacity%3D%220%22%2F%3E%3C%2Fsvg%3E\" data-orig-src=\"https:\/\/barincilt.com.tr\/wp-content\/uploads\/2016\/11\/70.jpg\" width=\"1920\" height=\"1883\" \/><\/span><\/li><\/ul><\/div><div class=\"fusion-clearfix\"><\/div><\/div><\/div><\/div><\/div><div class=\"fusion-fullwidth fullwidth-box fusion-builder-row-3 hundred-percent-fullwidth non-hundred-percent-height-scrolling fusion-equal-height-columns\" style=\"--awb-background-position:left top;--awb-border-sizes-top:0px;--awb-border-sizes-bottom:0px;--awb-border-sizes-left:0px;--awb-border-sizes-right:0px;--awb-border-radius-top-left:0px;--awb-border-radius-top-right:0px;--awb-border-radius-bottom-right:0px;--awb-border-radius-bottom-left:0px;--awb-padding-top:0px;--awb-padding-right:0px;--awb-padding-bottom:0px;--awb-padding-left:0px;--awb-margin-top:0px;--awb-margin-bottom:0px;--awb-flex-wrap:wrap;\" ><div class=\"fusion-builder-row fusion-row\"><div class=\"fusion-layout-column fusion_builder_column fusion-builder-column-4 fusion_builder_column_1_2 1_2 fusion-one-half fusion-column-first\" style=\"--awb-bg-position:center top;--awb-bg-size:cover;--awb-margin-bottom:0px;\"><div class=\"fusion-column-wrapper fusion-flex-column-wrapper-legacy\"><div class=\"fusion-slider-sc fusion-flexslider-loading flexslider flexslider-hover-type-none\" data-slideshow_autoplay=\"1\" data-slideshow_smooth_height=\"0\" data-slideshow_speed=\"7000\" style=\"max-width:100%;height:100%;\"><ul class=\"slides\"><li class=\"image\"><span class=\"lazyload fusion-image-hover-element hover-type-none\"><img decoding=\"async\" src=\"data:image\/svg+xml,%3Csvg%20xmlns%3D%27http%3A%2F%2Fwww.w3.org%2F2000%2Fsvg%27%20width%3D%271350%27%20height%3D%27900%27%20viewBox%3D%270%200%201350%20900%27%3E%3Crect%20width%3D%271350%27%20height%3D%27900%27%20fill-opacity%3D%220%22%2F%3E%3C%2Fsvg%3E\" data-orig-src=\"https:\/\/barincilt.com.tr\/wp-content\/uploads\/2016\/01\/DSC00176.jpg\" width=\"1350\" height=\"900\" \/><\/span><\/li><li class=\"image\"><span class=\"lazyload fusion-image-hover-element hover-type-none\"><img decoding=\"async\" src=\"data:image\/svg+xml,%3Csvg%20xmlns%3D%27http%3A%2F%2Fwww.w3.org%2F2000%2Fsvg%27%20width%3D%271350%27%20height%3D%27900%27%20viewBox%3D%270%200%201350%20900%27%3E%3Crect%20width%3D%271350%27%20height%3D%27900%27%20fill-opacity%3D%220%22%2F%3E%3C%2Fsvg%3E\" data-orig-src=\"https:\/\/barincilt.com.tr\/wp-content\/uploads\/2016\/01\/DSC00186.jpg\" width=\"1350\" height=\"900\" \/><\/span><\/li><li class=\"image\"><span class=\"lazyload fusion-image-hover-element hover-type-none\"><img decoding=\"async\" src=\"data:image\/svg+xml,%3Csvg%20xmlns%3D%27http%3A%2F%2Fwww.w3.org%2F2000%2Fsvg%27%20width%3D%271350%27%20height%3D%27900%27%20viewBox%3D%270%200%201350%20900%27%3E%3Crect%20width%3D%271350%27%20height%3D%27900%27%20fill-opacity%3D%220%22%2F%3E%3C%2Fsvg%3E\" data-orig-src=\"https:\/\/barincilt.com.tr\/wp-content\/uploads\/2016\/01\/DSC00107.jpg\" width=\"1350\" height=\"900\" \/><\/span><\/li><\/ul><\/div><div class=\"fusion-clearfix\"><\/div><\/div><\/div><div class=\"fusion-layout-column fusion_builder_column fusion-builder-column-5 fusion_builder_column_1_2 1_2 fusion-one-half fusion-column-last fusion-column-inner-bg-wrapper\" style=\"--awb-padding-top:0%;--awb-padding-right:12%;--awb-padding-bottom:0%;--awb-padding-left:12%;--awb-inner-bg-color:#ffffff;--awb-inner-bg-color-hover:#ffffff;--awb-inner-bg-size:cover;--awb-margin-bottom:0px;\"><span class=\"fusion-column-inner-bg hover-type-zoomin\"><span class=\"fusion-column-anchor\"><span class=\"fusion-column-inner-bg-image\"><\/span><\/span><\/span><div class=\"fusion-column-wrapper fusion-flex-column-wrapper-legacy\"><div class=\"fusion-text fusion-text-4\"><h3 style=\"margin-bottom: 10px; text-align: left;\">SERVICES WE PROVIDE IN OUR WORKSHOPS<\/h3>\n<\/div><div class=\"fusion-text fusion-text-5\"><p style=\"text-align: justify;\">Our workshop has maintained its commitment to quality since 1949. In addition to our mass production machinery, we continue to provide services with our expert staff specializing in custom-designed bindings, luxury boxes, classic bookbindings, and antique restoration. The main categories and descriptions of the services we offer in our workshop are as follows:<\/p>\n<p style=\"text-align: justify;\"><strong>Classic Bindings;<\/strong> are bindings made especially using genuine leather. All leather, half leather, corded spine bindings, etc.<\/p>\n<p style=\"text-align: left;\"><strong>Modern Bindings;<\/strong> are bindings made in series using a very wide range of contemporary materials.<\/p>\n<p style=\"text-align: left;\"><strong>Special Boxes;<\/strong> book storage boxes made using various materials or boxes with different designs made for special use.<\/p>\n<p style=\"text-align: left;\"><strong>Special Orders;<\/strong> albums other than books, guest books, classic binding covers, diploma and certificate covers, etc.<\/p>\n<\/div><div class=\"fusion-clearfix\"><\/div><\/div><\/div><\/div><\/div><\/p>\n","protected":false},"excerpt":{"rendered":"","protected":false},"author":1,"featured_media":0,"parent":0,"menu_order":0,"comment_status":"open","ping_status":"closed","template":"100-width.php","meta":{"footnotes":""},"class_list":["post-1861","page","type-page","status-publish","hentry"],"yoast_head":"<!-- This site is optimized with the Yoast SEO plugin v27.0 - https:\/\/yoast.com\/product\/yoast-seo-wordpress\/ -->\n<title>Barin Cilt At\u00f6lyesi - Bar\u0131n Cilt<\/title>\n<meta name=\"robots\" content=\"index, follow, max-snippet:-1, max-image-preview:large, max-video-preview:-1\" \/>\n<link rel=\"canonical\" href=\"https:\/\/barincilt.com.tr\/en\/\" \/>\n<meta property=\"og:locale\" content=\"en_US\" \/>\n<meta property=\"og:type\" content=\"article\" \/>\n<meta property=\"og:title\" content=\"Barin Cilt At\u00f6lyesi - Bar\u0131n Cilt\" \/>\n<meta property=\"og:url\" content=\"https:\/\/barincilt.com.tr\/en\/\" \/>\n<meta property=\"og:site_name\" content=\"Bar\u0131n Cilt\" \/>\n<meta property=\"article:modified_time\" content=\"2026-01-19T19:10:24+00:00\" \/>\n<meta name=\"twitter:card\" content=\"summary_large_image\" \/>\n<meta name=\"twitter:label1\" content=\"Est. reading time\" \/>\n\t<meta name=\"twitter:data1\" content=\"3 minutes\" \/>\n<script type=\"application\/ld+json\" class=\"yoast-schema-graph\">{\"@context\":\"https:\/\/schema.org\",\"@graph\":[{\"@type\":\"WebPage\",\"@id\":\"https:\/\/barincilt.com.tr\/en\/\",\"url\":\"https:\/\/barincilt.com.tr\/en\/\",\"name\":\"Barin Cilt At\u00f6lyesi - Bar\u0131n Cilt\",\"isPartOf\":{\"@id\":\"https:\/\/barincilt.com.tr\/#website\"},\"datePublished\":\"2016-01-02T15:56:47+00:00\",\"dateModified\":\"2026-01-19T19:10:24+00:00\",\"breadcrumb\":{\"@id\":\"https:\/\/barincilt.com.tr\/en\/#breadcrumb\"},\"inLanguage\":\"en-US\",\"potentialAction\":[{\"@type\":\"ReadAction\",\"target\":[\"https:\/\/barincilt.com.tr\/en\/\"]}]},{\"@type\":\"BreadcrumbList\",\"@id\":\"https:\/\/barincilt.com.tr\/en\/#breadcrumb\",\"itemListElement\":[{\"@type\":\"ListItem\",\"position\":1,\"name\":\"Home\",\"item\":\"https:\/\/barincilt.com.tr\/en\/\"},{\"@type\":\"ListItem\",\"position\":2,\"name\":\"Barin Cilt At\u00f6lyesi\"}]},{\"@type\":\"WebSite\",\"@id\":\"https:\/\/barincilt.com.tr\/#website\",\"url\":\"https:\/\/barincilt.com.tr\/\",\"name\":\"Bar\u0131n Cilt\",\"description\":\"Bar\u0131n Binding and Calligraphy Workshop\",\"potentialAction\":[{\"@type\":\"SearchAction\",\"target\":{\"@type\":\"EntryPoint\",\"urlTemplate\":\"https:\/\/barincilt.com.tr\/?s={search_term_string}\"},\"query-input\":{\"@type\":\"PropertyValueSpecification\",\"valueRequired\":true,\"valueName\":\"search_term_string\"}}],\"inLanguage\":\"en-US\"}]}<\/script>\n<!-- \/ Yoast SEO plugin. -->","yoast_head_json":{"title":"Barin Cilt At\u00f6lyesi - Bar\u0131n Cilt","robots":{"index":"index","follow":"follow","max-snippet":"max-snippet:-1","max-image-preview":"max-image-preview:large","max-video-preview":"max-video-preview:-1"},"canonical":"https:\/\/barincilt.com.tr\/en\/","og_locale":"en_US","og_type":"article","og_title":"Barin Cilt At\u00f6lyesi - Bar\u0131n Cilt","og_url":"https:\/\/barincilt.com.tr\/en\/","og_site_name":"Bar\u0131n Cilt","article_modified_time":"2026-01-19T19:10:24+00:00","twitter_card":"summary_large_image","twitter_misc":{"Est. reading time":"3 minutes"},"schema":{"@context":"https:\/\/schema.org","@graph":[{"@type":"WebPage","@id":"https:\/\/barincilt.com.tr\/en\/","url":"https:\/\/barincilt.com.tr\/en\/","name":"Barin Cilt At\u00f6lyesi - Bar\u0131n Cilt","isPartOf":{"@id":"https:\/\/barincilt.com.tr\/#website"},"datePublished":"2016-01-02T15:56:47+00:00","dateModified":"2026-01-19T19:10:24+00:00","breadcrumb":{"@id":"https:\/\/barincilt.com.tr\/en\/#breadcrumb"},"inLanguage":"en-US","potentialAction":[{"@type":"ReadAction","target":["https:\/\/barincilt.com.tr\/en\/"]}]},{"@type":"BreadcrumbList","@id":"https:\/\/barincilt.com.tr\/en\/#breadcrumb","itemListElement":[{"@type":"ListItem","position":1,"name":"Home","item":"https:\/\/barincilt.com.tr\/en\/"},{"@type":"ListItem","position":2,"name":"Barin Cilt At\u00f6lyesi"}]},{"@type":"WebSite","@id":"https:\/\/barincilt.com.tr\/#website","url":"https:\/\/barincilt.com.tr\/","name":"Bar\u0131n Cilt","description":"Bar\u0131n Binding and Calligraphy Workshop","potentialAction":[{"@type":"SearchAction","target":{"@type":"EntryPoint","urlTemplate":"https:\/\/barincilt.com.tr\/?s={search_term_string}"},"query-input":{"@type":"PropertyValueSpecification","valueRequired":true,"valueName":"search_term_string"}}],"inLanguage":"en-US"}]}},"_links":{"self":[{"href":"https:\/\/barincilt.com.tr\/en\/wp-json\/wp\/v2\/pages\/1861","targetHints":{"allow":["GET"]}}],"collection":[{"href":"https:\/\/barincilt.com.tr\/en\/wp-json\/wp\/v2\/pages"}],"about":[{"href":"https:\/\/barincilt.com.tr\/en\/wp-json\/wp\/v2\/types\/page"}],"author":[{"embeddable":true,"href":"https:\/\/barincilt.com.tr\/en\/wp-json\/wp\/v2\/users\/1"}],"replies":[{"embeddable":true,"href":"https:\/\/barincilt.com.tr\/en\/wp-json\/wp\/v2\/comments?post=1861"}],"version-history":[{"count":8,"href":"https:\/\/barincilt.com.tr\/en\/wp-json\/wp\/v2\/pages\/1861\/revisions"}],"predecessor-version":[{"id":2363,"href":"https:\/\/barincilt.com.tr\/en\/wp-json\/wp\/v2\/pages\/1861\/revisions\/2363"}],"wp:attachment":[{"href":"https:\/\/barincilt.com.tr\/en\/wp-json\/wp\/v2\/media?parent=1861"}],"curies":[{"name":"wp","href":"https:\/\/api.w.org\/{rel}","templated":true}]}}