{"id":1862,"date":"2016-11-08T12:54:20","date_gmt":"2016-11-08T12:54:20","guid":{"rendered":"http:\/\/barincilt.com.tr\/emin-barin\/?lang=en"},"modified":"2019-02-13T08:59:27","modified_gmt":"2019-02-13T08:59:27","slug":"emin-barin","status":"publish","type":"page","link":"https:\/\/barincilt.com.tr\/en\/emin-barin\/","title":{"rendered":"Emin Bar\u0131n"},"content":{"rendered":"<div id=\"emin-barin\" class=\"fusion-container-anchor\"><div class=\"fusion-fullwidth fullwidth-box fusion-builder-row-1 nonhundred-percent-fullwidth non-hundred-percent-height-scrolling fusion-equal-height-columns\" style=\"--awb-background-position:left top;--awb-border-radius-top-left:0px;--awb-border-radius-top-right:0px;--awb-border-radius-bottom-right:0px;--awb-border-radius-bottom-left:0px;--awb-padding-top:0px;--awb-padding-right:0px;--awb-padding-bottom:9px;--awb-padding-left:0px;--awb-border-sizes-top:0px;--awb-border-sizes-bottom:0px;--awb-flex-wrap:wrap;\" ><div class=\"fusion-builder-row fusion-row\"><div class=\"fusion-layout-column fusion_builder_column fusion-builder-column-0 fusion_builder_column_1_2 1_2 fusion-one-half fusion-column-first\" style=\"--awb-bg-size:cover;--awb-margin-top:24px;width:48%; margin-right: 4%;\"><div class=\"fusion-column-wrapper fusion-flex-column-wrapper-legacy\"><div class=\"fusion-text fusion-text-1\"><h1 style=\"text-align: right; margin-top: 0px;\">EM\u0130N BARIN<\/h1>\n<\/div><div class=\"fusion-sep-clear\"><\/div><div class=\"fusion-separator fusion-clearfix separator-right\" style=\"float:right;margin-top:0px;margin-bottom:10px;width:100%;max-width:170px;\"><div class=\"fusion-separator-border sep-single sep-solid\" style=\"--awb-height:20px;--awb-amount:20px;--awb-sep-color:#aa9270;border-color:#aa9270;border-top-width:1px;\"><\/div><\/div><div class=\"fusion-sep-clear\"><\/div><div class=\"fusion-text fusion-text-2\"><h3 style=\"text-align: right;\">Hattat, cilt sanat\u00e7\u0131s\u0131, \u00f6\u011fretmen, koleksiyoncu.<\/h3>\n<\/div><div class=\"fusion-sep-clear\"><\/div><div class=\"fusion-separator fusion-clearfix separator-right\" style=\"float:right;margin-top:0px;margin-bottom:10px;width:100%;max-width:170px;\"><\/div><div class=\"fusion-sep-clear\"><\/div><div class=\"fusion-text fusion-text-3\"><p style=\"text-align: justify;\">Kopan eski bir zincirin alt\u0131n halkalar\u0131n\u0131 yarat\u0131c\u0131 bi\u00e7imde birbirine ekledi. T\u00fcrkiye&#8217;de yeni bir yaz\u0131 kimli\u011fini en \u00fcst d\u00fczeye \u00e7\u0131kar\u0131rken, kaybolma tehlikesi ya\u015fayan eski bir miras\u0131n de\u011ferlerinin gelece\u011fe aktar\u0131lmas\u0131 i\u00e7in \u00e7al\u0131\u015ft\u0131.<\/p>\n<p style=\"text-align: justify;\">Hattat Emin Bar\u0131n, cilt sanat\u00e7\u0131s\u0131 Emin Bar\u0131n, \u00f6\u011fretmen Emin Bar\u0131n, koleksiyoncu Emin Bar\u0131n. Emin Bar\u0131n&#8217;dan s\u00f6z ederken, bu niteliklerinden hi\u00e7birini g\u00f6zard\u0131 edemeyiz. Ama ilk akla gelen ku\u015fkusuz onun hattatl\u0131\u011f\u0131d\u0131r. Yaln\u0131zca bir yaz\u0131 ustas\u0131 oldu\u011fu i\u00e7in de\u011fil, bir d\u00f6nemin sonu, yeni bir d\u00f6nemin ba\u015flang\u0131c\u0131 oldu\u011fu i\u00e7in. Cumhuriyetin, ge\u00e7mi\u015fimizin k\u00fclt\u00fcr ve sanat\u0131na \u00e7a\u011fda\u015f ve evrensel de\u011fer \u00f6l\u00e7\u00fctleriyle yakla\u015f\u0131m\u0131n\u0131n canl\u0131 \u00f6rneklerinden biri, t\u00fcm ya\u015fam\u0131 ve sanat\u0131yla Emin Bar\u0131n&#8217;d\u0131r.<\/p>\n<p style=\"text-align: justify;\">Emin Bar\u0131n \u00e7ok y\u00f6nl\u00fc bir grafik sanat\u00e7\u0131s\u0131yd\u0131. Sanatla zenaat uyu\u015fumunun, yani yarat\u0131c\u0131l\u0131kla i\u015f\u00e7ili\u011fin, kendi alan\u0131ndaki se\u00e7kin \u00f6rneklerinden biriydi. Ama her \u015feyden \u00f6nce bir yaz\u0131 ustas\u0131yd\u0131. Hat sanat\u0131m\u0131z\u0131n son halkas\u0131, Bat\u0131l\u0131, laik yaz\u0131 sanat\u0131m\u0131z\u0131n da ba\u015flang\u0131c\u0131.<\/p>\n<p style=\"text-align: justify;\">Evet, bir yaz\u0131 sevdal\u0131s\u0131yd\u0131, ama yaln\u0131z bir yaz\u0131 sevdal\u0131s\u0131 de\u011fil. Kitap sanat\u0131; yaz\u0131s\u0131yla, ka\u011f\u0131d\u0131yla, tezhibi ve cildiyle bir b\u00fct\u00fcnd\u00fcr. \u0130\u015fte, Emin Bar\u0131n bu sanat\u0131n da ustas\u0131 ve sevdal\u0131s\u0131yd\u0131.<\/p>\n<\/div><div class=\"fusion-sep-clear\"><\/div><div class=\"fusion-separator fusion-clearfix separator-right\" style=\"float:right;margin-top:10px;margin-bottom:10px;width:100%;max-width:170px;\"><div class=\"fusion-separator-border sep-single sep-solid\" style=\"--awb-height:20px;--awb-amount:20px;--awb-sep-color:#aa9270;border-color:#aa9270;border-top-width:1px;\"><\/div><\/div><div class=\"fusion-sep-clear\"><\/div><div class=\"fusion-text fusion-text-4\"><h3 style=\"text-align: right;\"><span style=\"color: #ab8b65;\"><a href=\"http:\/\/eminbarin.com\/tr\/biyografi\/\" target=\"_blank\">Hayat hiyakesi i\u00e7in t\u0131klay\u0131n..<\/a><\/span><\/h3>\n<\/div><div class=\"fusion-clearfix\"><\/div><\/div><\/div><div class=\"fusion-layout-column fusion_builder_column fusion-builder-column-1 fusion_builder_column_1_2 1_2 fusion-one-half fusion-column-last\" style=\"--awb-padding-top:36px;--awb-padding-right:36px;--awb-padding-bottom:36px;--awb-padding-left:36px;--awb-bg-position:center center;--awb-bg-size:cover;--awb-border-color:#a3a3a3;--awb-border-style:solid;width:48%;\"><div class=\"fusion-column-wrapper fusion-flex-column-wrapper-legacy\"><div class=\"fusion-image-element fusion-image-align-left in-legacy-container\" style=\"text-align:left;--awb-caption-title-font-family:var(--h2_typography-font-family);--awb-caption-title-font-weight:var(--h2_typography-font-weight);--awb-caption-title-font-style:var(--h2_typography-font-style);--awb-caption-title-size:var(--h2_typography-font-size);--awb-caption-title-transform:var(--h2_typography-text-transform);--awb-caption-title-line-height:var(--h2_typography-line-height);--awb-caption-title-letter-spacing:var(--h2_typography-letter-spacing);\"><span class=\" fusion-imageframe imageframe-dropshadow imageframe-1 hover-type-zoomin\" style=\"border:4px solid #aa9a7b;-webkit-box-shadow: 3px 3px 7px rgba(0,0,0,0.3);box-shadow: 3px 3px 7px rgba(0,0,0,0.3);margin-right:25px;float:left;\"><img decoding=\"async\" width=\"275\" height=\"573\" title=\"emin-barin-sahis\" src=\"https:\/\/barincilt.com.tr\/wp-content\/uploads\/2019\/02\/emin-barin-sahis.jpg\" data-orig-src=\"https:\/\/barincilt.com.tr\/wp-content\/uploads\/2019\/02\/emin-barin-sahis.jpg\" alt class=\"lazyload img-responsive wp-image-2323\" srcset=\"data:image\/svg+xml,%3Csvg%20xmlns%3D%27http%3A%2F%2Fwww.w3.org%2F2000%2Fsvg%27%20width%3D%27275%27%20height%3D%27573%27%20viewBox%3D%270%200%20275%20573%27%3E%3Crect%20width%3D%27275%27%20height%3D%27573%27%20fill-opacity%3D%220%22%2F%3E%3C%2Fsvg%3E\" data-srcset=\"https:\/\/barincilt.com.tr\/wp-content\/uploads\/2019\/02\/emin-barin-sahis-200x417.jpg 200w, https:\/\/barincilt.com.tr\/wp-content\/uploads\/2019\/02\/emin-barin-sahis.jpg 275w\" data-sizes=\"auto\" data-orig-sizes=\"(max-width: 800px) 100vw, 275px\" \/><\/span><\/div><div class=\"fusion-clearfix\"><\/div><\/div><\/div><\/div><\/div><\/div>\n","protected":false},"excerpt":{"rendered":"","protected":false},"author":1,"featured_media":0,"parent":0,"menu_order":0,"comment_status":"open","ping_status":"closed","template":"","meta":{"footnotes":""},"class_list":["post-1862","page","type-page","status-publish","hentry"],"yoast_head":"<!-- This site is optimized with the Yoast SEO plugin v27.0 - https:\/\/yoast.com\/product\/yoast-seo-wordpress\/ -->\n<title>Emin Bar\u0131n - Bar\u0131n Cilt<\/title>\n<meta name=\"robots\" content=\"index, follow, max-snippet:-1, max-image-preview:large, max-video-preview:-1\" \/>\n<link rel=\"canonical\" href=\"https:\/\/barincilt.com.tr\/emin-barin\/\" \/>\n<meta property=\"og:locale\" content=\"en_US\" \/>\n<meta property=\"og:type\" content=\"article\" \/>\n<meta property=\"og:title\" content=\"Emin Bar\u0131n - Bar\u0131n Cilt\" \/>\n<meta property=\"og:url\" content=\"https:\/\/barincilt.com.tr\/emin-barin\/\" \/>\n<meta property=\"og:site_name\" content=\"Bar\u0131n Cilt\" \/>\n<meta property=\"article:modified_time\" content=\"2019-02-13T08:59:27+00:00\" \/>\n<meta name=\"twitter:card\" content=\"summary_large_image\" \/>\n<meta name=\"twitter:label1\" content=\"Est. reading time\" \/>\n\t<meta name=\"twitter:data1\" content=\"3 minutes\" \/>\n<script type=\"application\/ld+json\" class=\"yoast-schema-graph\">{\"@context\":\"https:\/\/schema.org\",\"@graph\":[{\"@type\":\"WebPage\",\"@id\":\"https:\/\/barincilt.com.tr\/emin-barin\/\",\"url\":\"https:\/\/barincilt.com.tr\/emin-barin\/\",\"name\":\"Emin Bar\u0131n - Bar\u0131n Cilt\",\"isPartOf\":{\"@id\":\"https:\/\/barincilt.com.tr\/#website\"},\"datePublished\":\"2016-11-08T12:54:20+00:00\",\"dateModified\":\"2019-02-13T08:59:27+00:00\",\"breadcrumb\":{\"@id\":\"https:\/\/barincilt.com.tr\/emin-barin\/#breadcrumb\"},\"inLanguage\":\"en-US\",\"potentialAction\":[{\"@type\":\"ReadAction\",\"target\":[\"https:\/\/barincilt.com.tr\/emin-barin\/\"]}]},{\"@type\":\"BreadcrumbList\",\"@id\":\"https:\/\/barincilt.com.tr\/emin-barin\/#breadcrumb\",\"itemListElement\":[{\"@type\":\"ListItem\",\"position\":1,\"name\":\"Home\",\"item\":\"https:\/\/barincilt.com.tr\/en\/\"},{\"@type\":\"ListItem\",\"position\":2,\"name\":\"Emin Bar\u0131n\"}]},{\"@type\":\"WebSite\",\"@id\":\"https:\/\/barincilt.com.tr\/#website\",\"url\":\"https:\/\/barincilt.com.tr\/\",\"name\":\"Bar\u0131n Cilt\",\"description\":\"Bar\u0131n Binding and Calligraphy Workshop\",\"potentialAction\":[{\"@type\":\"SearchAction\",\"target\":{\"@type\":\"EntryPoint\",\"urlTemplate\":\"https:\/\/barincilt.com.tr\/?s={search_term_string}\"},\"query-input\":{\"@type\":\"PropertyValueSpecification\",\"valueRequired\":true,\"valueName\":\"search_term_string\"}}],\"inLanguage\":\"en-US\"}]}<\/script>\n<!-- \/ Yoast SEO plugin. -->","yoast_head_json":{"title":"Emin Bar\u0131n - Bar\u0131n Cilt","robots":{"index":"index","follow":"follow","max-snippet":"max-snippet:-1","max-image-preview":"max-image-preview:large","max-video-preview":"max-video-preview:-1"},"canonical":"https:\/\/barincilt.com.tr\/emin-barin\/","og_locale":"en_US","og_type":"article","og_title":"Emin Bar\u0131n - Bar\u0131n Cilt","og_url":"https:\/\/barincilt.com.tr\/emin-barin\/","og_site_name":"Bar\u0131n Cilt","article_modified_time":"2019-02-13T08:59:27+00:00","twitter_card":"summary_large_image","twitter_misc":{"Est. reading time":"3 minutes"},"schema":{"@context":"https:\/\/schema.org","@graph":[{"@type":"WebPage","@id":"https:\/\/barincilt.com.tr\/emin-barin\/","url":"https:\/\/barincilt.com.tr\/emin-barin\/","name":"Emin Bar\u0131n - Bar\u0131n Cilt","isPartOf":{"@id":"https:\/\/barincilt.com.tr\/#website"},"datePublished":"2016-11-08T12:54:20+00:00","dateModified":"2019-02-13T08:59:27+00:00","breadcrumb":{"@id":"https:\/\/barincilt.com.tr\/emin-barin\/#breadcrumb"},"inLanguage":"en-US","potentialAction":[{"@type":"ReadAction","target":["https:\/\/barincilt.com.tr\/emin-barin\/"]}]},{"@type":"BreadcrumbList","@id":"https:\/\/barincilt.com.tr\/emin-barin\/#breadcrumb","itemListElement":[{"@type":"ListItem","position":1,"name":"Home","item":"https:\/\/barincilt.com.tr\/en\/"},{"@type":"ListItem","position":2,"name":"Emin Bar\u0131n"}]},{"@type":"WebSite","@id":"https:\/\/barincilt.com.tr\/#website","url":"https:\/\/barincilt.com.tr\/","name":"Bar\u0131n Cilt","description":"Bar\u0131n Binding and Calligraphy Workshop","potentialAction":[{"@type":"SearchAction","target":{"@type":"EntryPoint","urlTemplate":"https:\/\/barincilt.com.tr\/?s={search_term_string}"},"query-input":{"@type":"PropertyValueSpecification","valueRequired":true,"valueName":"search_term_string"}}],"inLanguage":"en-US"}]}},"_links":{"self":[{"href":"https:\/\/barincilt.com.tr\/en\/wp-json\/wp\/v2\/pages\/1862","targetHints":{"allow":["GET"]}}],"collection":[{"href":"https:\/\/barincilt.com.tr\/en\/wp-json\/wp\/v2\/pages"}],"about":[{"href":"https:\/\/barincilt.com.tr\/en\/wp-json\/wp\/v2\/types\/page"}],"author":[{"embeddable":true,"href":"https:\/\/barincilt.com.tr\/en\/wp-json\/wp\/v2\/users\/1"}],"replies":[{"embeddable":true,"href":"https:\/\/barincilt.com.tr\/en\/wp-json\/wp\/v2\/comments?post=1862"}],"version-history":[{"count":2,"href":"https:\/\/barincilt.com.tr\/en\/wp-json\/wp\/v2\/pages\/1862\/revisions"}],"predecessor-version":[{"id":2326,"href":"https:\/\/barincilt.com.tr\/en\/wp-json\/wp\/v2\/pages\/1862\/revisions\/2326"}],"wp:attachment":[{"href":"https:\/\/barincilt.com.tr\/en\/wp-json\/wp\/v2\/media?parent=1862"}],"curies":[{"name":"wp","href":"https:\/\/api.w.org\/{rel}","templated":true}]}}