{"id":1865,"date":"2015-12-21T08:24:13","date_gmt":"2015-12-21T08:24:13","guid":{"rendered":"http:\/\/barincilt.com.tr\/portfolyo\/?lang=en"},"modified":"2020-02-19T11:35:35","modified_gmt":"2020-02-19T11:35:35","slug":"barin-portfolyo","status":"publish","type":"page","link":"https:\/\/barincilt.com.tr\/en\/barin-portfolyo\/","title":{"rendered":"Bar\u0131n Cilt Portfolyo"},"content":{"rendered":"<div class=\"fusion-fullwidth fullwidth-box fusion-builder-row-1 hundred-percent-fullwidth non-hundred-percent-height-scrolling\" style=\"--awb-background-position:left top;--awb-border-radius-top-left:0px;--awb-border-radius-top-right:0px;--awb-border-radius-bottom-right:0px;--awb-border-radius-bottom-left:0px;--awb-padding-top:0px;--awb-padding-right:0px;--awb-padding-bottom:20px;--awb-padding-left:0px;--awb-margin-top:0px;--awb-background-color:rgba(255,255,255,0);--awb-border-sizes-top:0px;--awb-border-sizes-bottom:0px;--awb-flex-wrap:wrap;\" ><div class=\"fusion-builder-row fusion-row\"><div class=\"fusion-layout-column fusion_builder_column fusion-builder-column-0 fusion_builder_column_1_1 1_1 fusion-one-full fusion-column-first fusion-column-last fusion-column-no-min-height\" style=\"--awb-bg-size:cover;--awb-margin-bottom:0px;\"><div class=\"fusion-column-wrapper fusion-flex-column-wrapper-legacy\"><div class=\"fusion-clearfix\"><\/div><\/div><\/div><\/div><\/div>\n","protected":false},"excerpt":{"rendered":"","protected":false},"author":1,"featured_media":0,"parent":0,"menu_order":0,"comment_status":"open","ping_status":"closed","template":"","meta":{"footnotes":""},"class_list":["post-1865","page","type-page","status-publish","hentry"],"yoast_head":"<!-- This site is optimized with the Yoast SEO plugin v27.0 - https:\/\/yoast.com\/product\/yoast-seo-wordpress\/ -->\n<title>Bar\u0131n Cilt Portfolyo - Bar\u0131n Cilt<\/title>\n<meta name=\"description\" content=\"Kitap d\u0131\u015f\u0131nda kalan alb\u00fcmler, \u015feref defterleri,klasik cilt bentler, diploma ve berat kapaklar\u0131 vb..\" \/>\n<meta name=\"robots\" content=\"index, follow, max-snippet:-1, max-image-preview:large, max-video-preview:-1\" \/>\n<link rel=\"canonical\" href=\"https:\/\/barincilt.com.tr\/en\/barin-portfolyo\/\" \/>\n<meta property=\"og:locale\" content=\"en_US\" \/>\n<meta property=\"og:type\" content=\"article\" \/>\n<meta property=\"og:title\" content=\"Bar\u0131n Cilt Portfolyo - Bar\u0131n Cilt\" \/>\n<meta property=\"og:description\" content=\"Kitap d\u0131\u015f\u0131nda kalan alb\u00fcmler, \u015feref defterleri,klasik cilt bentler, diploma ve berat kapaklar\u0131 vb..\" \/>\n<meta property=\"og:url\" content=\"https:\/\/barincilt.com.tr\/en\/barin-portfolyo\/\" \/>\n<meta property=\"og:site_name\" content=\"Bar\u0131n Cilt\" \/>\n<meta property=\"article:modified_time\" content=\"2020-02-19T11:35:35+00:00\" \/>\n<meta name=\"twitter:card\" content=\"summary_large_image\" \/>\n<meta name=\"twitter:label1\" content=\"Est. reading time\" \/>\n\t<meta name=\"twitter:data1\" content=\"1 minute\" \/>\n<script type=\"application\/ld+json\" class=\"yoast-schema-graph\">{\"@context\":\"https:\/\/schema.org\",\"@graph\":[{\"@type\":\"WebPage\",\"@id\":\"https:\/\/barincilt.com.tr\/en\/barin-portfolyo\/\",\"url\":\"https:\/\/barincilt.com.tr\/en\/barin-portfolyo\/\",\"name\":\"Bar\u0131n Cilt Portfolyo - Bar\u0131n Cilt\",\"isPartOf\":{\"@id\":\"https:\/\/barincilt.com.tr\/#website\"},\"datePublished\":\"2015-12-21T08:24:13+00:00\",\"dateModified\":\"2020-02-19T11:35:35+00:00\",\"description\":\"Kitap d\u0131\u015f\u0131nda kalan alb\u00fcmler, \u015feref defterleri,klasik cilt bentler, diploma ve berat kapaklar\u0131 vb..\",\"breadcrumb\":{\"@id\":\"https:\/\/barincilt.com.tr\/en\/barin-portfolyo\/#breadcrumb\"},\"inLanguage\":\"en-US\",\"potentialAction\":[{\"@type\":\"ReadAction\",\"target\":[\"https:\/\/barincilt.com.tr\/en\/barin-portfolyo\/\"]}]},{\"@type\":\"BreadcrumbList\",\"@id\":\"https:\/\/barincilt.com.tr\/en\/barin-portfolyo\/#breadcrumb\",\"itemListElement\":[{\"@type\":\"ListItem\",\"position\":1,\"name\":\"Home\",\"item\":\"https:\/\/barincilt.com.tr\/en\/\"},{\"@type\":\"ListItem\",\"position\":2,\"name\":\"Bar\u0131n Cilt Portfolyo\"}]},{\"@type\":\"WebSite\",\"@id\":\"https:\/\/barincilt.com.tr\/#website\",\"url\":\"https:\/\/barincilt.com.tr\/\",\"name\":\"Bar\u0131n Cilt\",\"description\":\"Bar\u0131n Binding and Calligraphy Workshop\",\"potentialAction\":[{\"@type\":\"SearchAction\",\"target\":{\"@type\":\"EntryPoint\",\"urlTemplate\":\"https:\/\/barincilt.com.tr\/?s={search_term_string}\"},\"query-input\":{\"@type\":\"PropertyValueSpecification\",\"valueRequired\":true,\"valueName\":\"search_term_string\"}}],\"inLanguage\":\"en-US\"}]}<\/script>\n<!-- \/ Yoast SEO plugin. -->","yoast_head_json":{"title":"Bar\u0131n Cilt Portfolyo - Bar\u0131n Cilt","description":"Kitap d\u0131\u015f\u0131nda kalan alb\u00fcmler, \u015feref defterleri,klasik cilt bentler, diploma ve berat kapaklar\u0131 vb..","robots":{"index":"index","follow":"follow","max-snippet":"max-snippet:-1","max-image-preview":"max-image-preview:large","max-video-preview":"max-video-preview:-1"},"canonical":"https:\/\/barincilt.com.tr\/en\/barin-portfolyo\/","og_locale":"en_US","og_type":"article","og_title":"Bar\u0131n Cilt Portfolyo - Bar\u0131n Cilt","og_description":"Kitap d\u0131\u015f\u0131nda kalan alb\u00fcmler, \u015feref defterleri,klasik cilt bentler, diploma ve berat kapaklar\u0131 vb..","og_url":"https:\/\/barincilt.com.tr\/en\/barin-portfolyo\/","og_site_name":"Bar\u0131n Cilt","article_modified_time":"2020-02-19T11:35:35+00:00","twitter_card":"summary_large_image","twitter_misc":{"Est. reading time":"1 minute"},"schema":{"@context":"https:\/\/schema.org","@graph":[{"@type":"WebPage","@id":"https:\/\/barincilt.com.tr\/en\/barin-portfolyo\/","url":"https:\/\/barincilt.com.tr\/en\/barin-portfolyo\/","name":"Bar\u0131n Cilt Portfolyo - Bar\u0131n Cilt","isPartOf":{"@id":"https:\/\/barincilt.com.tr\/#website"},"datePublished":"2015-12-21T08:24:13+00:00","dateModified":"2020-02-19T11:35:35+00:00","description":"Kitap d\u0131\u015f\u0131nda kalan alb\u00fcmler, \u015feref defterleri,klasik cilt bentler, diploma ve berat kapaklar\u0131 vb..","breadcrumb":{"@id":"https:\/\/barincilt.com.tr\/en\/barin-portfolyo\/#breadcrumb"},"inLanguage":"en-US","potentialAction":[{"@type":"ReadAction","target":["https:\/\/barincilt.com.tr\/en\/barin-portfolyo\/"]}]},{"@type":"BreadcrumbList","@id":"https:\/\/barincilt.com.tr\/en\/barin-portfolyo\/#breadcrumb","itemListElement":[{"@type":"ListItem","position":1,"name":"Home","item":"https:\/\/barincilt.com.tr\/en\/"},{"@type":"ListItem","position":2,"name":"Bar\u0131n Cilt Portfolyo"}]},{"@type":"WebSite","@id":"https:\/\/barincilt.com.tr\/#website","url":"https:\/\/barincilt.com.tr\/","name":"Bar\u0131n Cilt","description":"Bar\u0131n Binding and Calligraphy Workshop","potentialAction":[{"@type":"SearchAction","target":{"@type":"EntryPoint","urlTemplate":"https:\/\/barincilt.com.tr\/?s={search_term_string}"},"query-input":{"@type":"PropertyValueSpecification","valueRequired":true,"valueName":"search_term_string"}}],"inLanguage":"en-US"}]}},"_links":{"self":[{"href":"https:\/\/barincilt.com.tr\/en\/wp-json\/wp\/v2\/pages\/1865","targetHints":{"allow":["GET"]}}],"collection":[{"href":"https:\/\/barincilt.com.tr\/en\/wp-json\/wp\/v2\/pages"}],"about":[{"href":"https:\/\/barincilt.com.tr\/en\/wp-json\/wp\/v2\/types\/page"}],"author":[{"embeddable":true,"href":"https:\/\/barincilt.com.tr\/en\/wp-json\/wp\/v2\/users\/1"}],"replies":[{"embeddable":true,"href":"https:\/\/barincilt.com.tr\/en\/wp-json\/wp\/v2\/comments?post=1865"}],"version-history":[{"count":8,"href":"https:\/\/barincilt.com.tr\/en\/wp-json\/wp\/v2\/pages\/1865\/revisions"}],"predecessor-version":[{"id":2348,"href":"https:\/\/barincilt.com.tr\/en\/wp-json\/wp\/v2\/pages\/1865\/revisions\/2348"}],"wp:attachment":[{"href":"https:\/\/barincilt.com.tr\/en\/wp-json\/wp\/v2\/media?parent=1865"}],"curies":[{"name":"wp","href":"https:\/\/api.w.org\/{rel}","templated":true}]}}